{"id":2585,"date":"2024-02-15T07:55:15","date_gmt":"2024-02-15T07:55:15","guid":{"rendered":"https:\/\/amazing-sports.com\/sobre-nosotros\/"},"modified":"2024-03-12T01:18:48","modified_gmt":"2024-03-12T01:18:48","slug":"sobre-nosotros","status":"publish","type":"page","link":"https:\/\/amazing-sports.com\/es\/sobre-nosotros\/","title":{"rendered":"Sobre nosotros"},"content":{"rendered":"\t\t<div data-elementor-type=\"wp-page\" data-elementor-id=\"2585\" class=\"elementor elementor-2585 elementor-1427\" data-elementor-post-type=\"page\">\n\t\t\t\t<div data-particle_enable=\"false\" data-particle-mobile-disabled=\"false\" class=\"elementor-element elementor-element-9016530 e-flex e-con-boxed e-con e-parent\" data-id=\"9016530\" data-element_type=\"container\" data-e-type=\"container\">\n\t\t\t\t\t<div class=\"e-con-inner\">\n\t\t\t\t<div class=\"elementor-element elementor-element-052f044 elementor-widget elementor-widget-text-editor\" data-id=\"052f044\" data-element_type=\"widget\" data-e-type=\"widget\" data-widget_type=\"text-editor.default\">\n\t\t\t\t<div class=\"elementor-widget-container\">\n\t\t\t\t\t\t\t\t\t<h3><b>Cultura. Competici\u00f3n. Comunidad.<\/b><\/h3>\n\t\t\t\t\t\t\t\t<\/div>\n\t\t\t\t<\/div>\n\t\t\t\t<div class=\"elementor-element elementor-element-7215078 elementor-widget elementor-widget-heading\" data-id=\"7215078\" data-element_type=\"widget\" data-e-type=\"widget\" data-widget_type=\"heading.default\">\n\t\t\t\t<div class=\"elementor-widget-container\">\n\t\t\t\t\t<h1 class=\"elementor-heading-title elementor-size-default\">Sobre nosotros<\/h1>\t\t\t\t<\/div>\n\t\t\t\t<\/div>\n\t\t\t\t\t<\/div>\n\t\t\t\t<\/div>\n\t\t<div data-particle_enable=\"false\" data-particle-mobile-disabled=\"false\" class=\"elementor-element elementor-element-e2b1cdf e-flex e-con-boxed e-con e-parent\" data-id=\"e2b1cdf\" data-element_type=\"container\" data-e-type=\"container\">\n\t\t\t\t\t<div class=\"e-con-inner\">\n\t\t\t\t<div class=\"elementor-element elementor-element-ee7ebae elementor-widget elementor-widget-text-editor\" data-id=\"ee7ebae\" data-element_type=\"widget\" data-e-type=\"widget\" data-widget_type=\"text-editor.default\">\n\t\t\t\t<div class=\"elementor-widget-container\">\n\t\t\t\t\t\t\t\t\t<p>En <strong>amazing-sports.com<\/strong>, nuestra misi\u00f3n es unir a las personas a trav\u00e9s de las divisiones culturales, raciales y socioecon\u00f3micas a trav\u00e9s del poder de los deportes. Nuestro sitio web no es comercial y tiene como objetivo destacar la diversa gama de deportes, tanto populares como de nicho, que tienen el poder de unir a las personas y las comunidades.<\/p><p>No estamos afiliados a ning\u00fan sitio web vinculado desde nuestra plataforma. Estos enlaces se proporcionan \u00fanicamente con fines informativos, y su inclusi\u00f3n no implica ning\u00fan respaldo o asociaci\u00f3n con los sitios web vinculados.<\/p><p>Queremos agradecer y atribuir a los talentosos artistas cuyas fotograf\u00edas forman la base de las im\u00e1genes din\u00e1micas que se muestran en nuestro sitio web. <a href=\"https:\/\/amazing-sports.com\/photo-credits\/\"><br \/><strong>(Cr\u00e9ditos de las fotos)<\/strong><\/a><\/p>\t\t\t\t\t\t\t\t<\/div>\n\t\t\t\t<\/div>\n\t\t\t\t\t<\/div>\n\t\t\t\t<\/div>\n\t\t<div data-particle_enable=\"false\" data-particle-mobile-disabled=\"false\" class=\"elementor-element elementor-element-5fabcc3 e-flex e-con-boxed e-con e-parent\" data-id=\"5fabcc3\" data-element_type=\"container\" data-e-type=\"container\">\n\t\t\t\t\t<div class=\"e-con-inner\">\n\t\t\t\t<div class=\"elementor-element elementor-element-9d1dbc0 elementor-widget elementor-widget-envira\" data-id=\"9d1dbc0\" data-element_type=\"widget\" data-e-type=\"widget\" data-widget_type=\"envira.default\">\n\t\t\t\t<div class=\"elementor-widget-container\">\n\t\t\t\t\t<style type=\"text\/css\">#envira-gallery-2960 {}<\/style><div id=\"envira-gallery-wrap-2960\" class=\"envira-gallery-wrap envira-lazy-loading-enabled envira-layout-mason envira-gallery-theme-showcase\" itemscope itemtype=\"https:\/\/schema.org\/ImageGallery\"><div class=\"envira-loader\"><div><\/div><div><\/div><div><\/div><div><\/div><\/div><div id=\"envira-gallery-2960\" class=\"envira-gallery-public envira-gallery-2-columns envira-clear enviratope\" data-envira-id=\"2960\" data-gallery-config='{\"type\":\"default\",\"layout\":\"mason\",\"columns\":\"2\",\"gallery_theme\":\"showcase\",\"justified_margins\":1,\"justified_last_row\":\"nojustify\",\"lazy_loading\":1,\"lazy_loading_delay\":500,\"gutter\":10,\"gutter_mobile\":0,\"margin\":10,\"image_size\":\"default\",\"square_size\":300,\"crop_width\":640,\"crop_height\":480,\"crop\":0,\"crop_position\":\"c\",\"show_more_text\":\"Click for more\",\"additional_copy_0\":0,\"additional_copy_title\":0,\"additional_copy_caption\":0,\"additional_copy_title_caption\":0,\"additional_copy_0_mobile\":0,\"additional_copy_title_mobile\":0,\"additional_copy_caption_mobile\":0,\"additional_copy_title_caption_mobile\":0,\"gallery_column_title_caption\":\"title\",\"gallery_column_title_caption_mobile\":\"0\",\"additional_copy_automatic_0\":0,\"additional_copy_automatic_title\":0,\"additional_copy_automatic_caption\":0,\"additional_copy_automatic_title_caption\":0,\"additional_copy_automatic_0_mobile\":0,\"additional_copy_automatic_title_mobile\":0,\"additional_copy_automatic_caption_mobile\":0,\"additional_copy_automatic_title_caption_mobile\":0,\"gallery_automatic_title_caption\":\"0\",\"gallery_automatic_title_caption_mobile\":\"0\",\"justified_row_height\":150,\"description_position\":\"0\",\"description\":\"\",\"random\":\"0\",\"sort_order\":\"0\",\"sorting_direction\":\"ASC\",\"image_sizes_random\":[],\"isotope\":true,\"lightbox_enabled\":1,\"gallery_link_enabled\":1,\"lightbox_theme\":\"base_dark\",\"lightbox_image_size\":\"default\",\"title_display\":\"float\",\"lightbox_title_caption\":\"title_caption\",\"arrows\":0,\"arrows_position\":\"inside\",\"toolbar\":0,\"toolbar_title\":0,\"toolbar_position\":\"top\",\"loop\":0,\"lightbox_open_close_effect\":\"fade\",\"effect\":\"fade\",\"supersize\":0,\"thumbnails_toggle\":0,\"thumbnails_hide\":0,\"image_counter\":0,\"lightbox_html_caption\":0,\"thumbnails\":1,\"thumbnails_width\":\"auto\",\"thumbnails_height\":\"auto\",\"thumbnails_position\":\"bottom\",\"thumbnails_custom_size\":0,\"mobile\":0,\"mobile_width\":320,\"mobile_height\":240,\"mobile_lightbox\":1,\"mobile_gallery_link_enabled\":0,\"mobile_arrows\":1,\"mobile_toolbar\":1,\"mobile_thumbnails\":1,\"mobile_touchwipe_close\":0,\"mobile_thumbnails_width\":75,\"mobile_thumbnails_height\":50,\"mobile_justified_row_height\":80,\"keyboard\":true,\"standalone_template\":\"\",\"classes\":[\"\"],\"rtl\":0,\"slug\":\"es-about-us-jet-ski-racing\",\"custom_css\":\"#envira-gallery-2960 {\\r\\n    \\\/* margin-bottom: 20px; *\\\/\\r\\n    \\\/* font-size: 18px; *\\\/\\r\\n    \\\/* font-family: \\\"roboto\\\"; *\\\/\\r\\n}\",\"protection\":1,\"protection_popup\":0,\"protection_message\":\"\",\"protection_title\":\"\",\"protection_button_text\":\"\",\"schedule\":0,\"schedule_start\":\"1707955200\",\"schedule_end\":\"1707955200\",\"tags\":0,\"tags_filter\":false,\"tags_position\":\"above\",\"tags_all_enabled\":1,\"tags_all\":\"All\",\"tags_sorting\":\"\",\"tags_manual_sorting\":false,\"tags_display\":\"\",\"tags_scroll\":0,\"tags_mobile\":1,\"tags_count\":0,\"videos_play_icon\":0,\"videos_play_icon_thumbnails\":0,\"videos_autoplay\":0,\"videos_enlarge\":0,\"videos_playpause\":1,\"videos_progress\":1,\"videos_current\":1,\"videos_duration\":1,\"videos_volume\":1,\"videos_controls\":1,\"videos_fullscreen\":1,\"videos_download\":1,\"deeplinking\":1,\"slideshow\":0,\"autoplay\":0,\"slideshow_hover\":0,\"ss_speed\":5000,\"gallery_id\":\"2960\"}' data-gallery-images='[{\"status\":\"active\",\"src\":\"https:\\\/\\\/amazing-sports.com\\\/wp-content\\\/uploads\\\/2024\\\/02\\\/Jet-Ski-Racing-1170x781-1.jpg\",\"title\":\"Fotograf&iacute;a original\",\"link\":\"https:\\\/\\\/amazing-sports.com\\\/wp-content\\\/uploads\\\/2024\\\/02\\\/Jet-Ski-Racing-1170x781-1.jpg\",\"alt\":\"\",\"caption\":false,\"thumb\":\"https:\\\/\\\/amazing-sports.com\\\/wp-content\\\/uploads\\\/2024\\\/02\\\/Jet-Ski-Racing-1170x781-1-75x50_c.jpg\",\"tags\":[],\"schedule_meta\":0,\"schedule_meta_start\":\"1707955200\",\"schedule_meta_end\":\"1707955200\",\"schedule_meta_ignore_date\":0,\"schedule_meta_ignore_year\":0,\"video_aspect_ratio\":\"\",\"video_width\":\"\",\"video_height\":\"\",\"video_in_gallery\":0,\"meta\":{\"aperture\":null,\"credit\":null,\"camera\":null,\"caption\":\"\",\"created_timestamp\":null,\"copyright\":null,\"focal_length\":null,\"iso\":null,\"shutter_speed\":null,\"title\":\"\",\"orientation\":null,\"keywords\":null,\"resized_images\":null},\"thumbnail\":\"https:\\\/\\\/amazing-sports.com\\\/wp-content\\\/uploads\\\/2024\\\/02\\\/Jet-Ski-Racing-1170x781-1-150x150.jpg\",\"medium\":\"https:\\\/\\\/amazing-sports.com\\\/wp-content\\\/uploads\\\/2024\\\/02\\\/Jet-Ski-Racing-1170x781-1.jpg\",\"medium_large\":\"https:\\\/\\\/amazing-sports.com\\\/wp-content\\\/uploads\\\/2024\\\/02\\\/Jet-Ski-Racing-1170x781-1-768x513.jpg\",\"large\":\"https:\\\/\\\/amazing-sports.com\\\/wp-content\\\/uploads\\\/2024\\\/02\\\/Jet-Ski-Racing-1170x781-1.jpg\",\"1536x1536\":\"https:\\\/\\\/amazing-sports.com\\\/wp-content\\\/uploads\\\/2024\\\/02\\\/Jet-Ski-Racing-1170x781-1.jpg\",\"2048x2048\":\"https:\\\/\\\/amazing-sports.com\\\/wp-content\\\/uploads\\\/2024\\\/02\\\/Jet-Ski-Racing-1170x781-1.jpg\",\"gamipress-points\":\"https:\\\/\\\/amazing-sports.com\\\/wp-content\\\/uploads\\\/2024\\\/02\\\/Jet-Ski-Racing-1170x781-1.jpg\",\"gamipress-achievement\":\"https:\\\/\\\/amazing-sports.com\\\/wp-content\\\/uploads\\\/2024\\\/02\\\/Jet-Ski-Racing-1170x781-1.jpg\",\"gamipress-rank\":\"https:\\\/\\\/amazing-sports.com\\\/wp-content\\\/uploads\\\/2024\\\/02\\\/Jet-Ski-Racing-1170x781-1.jpg\",\"full\":\"https:\\\/\\\/amazing-sports.com\\\/wp-content\\\/uploads\\\/2024\\\/02\\\/Jet-Ski-Racing-1170x781-1.jpg\",\"index\":0,\"id\":1464,\"video\":true,\"opts\":{\"caption\":\"\",\"thumb\":\"https:\\\/\\\/amazing-sports.com\\\/wp-content\\\/uploads\\\/2024\\\/02\\\/Jet-Ski-Racing-1170x781-1-75x50_c.jpg\",\"title\":\"Fotograf&iacute;a original\"},\"gallery_id\":\"2960\"},{\"status\":\"active\",\"src\":\"https:\\\/\\\/amazing-sports.com\\\/wp-content\\\/uploads\\\/2024\\\/02\\\/sports-jet-ski-racing-5sec-continuous.webp\",\"title\":\"Imagen din&aacute;mica\",\"link\":\"https:\\\/\\\/amazing-sports.com\\\/wp-content\\\/uploads\\\/2024\\\/02\\\/sports-jet-ski-racing-5sec-continuous.webp\",\"alt\":\"\",\"caption\":false,\"thumb\":\"https:\\\/\\\/amazing-sports.com\\\/wp-content\\\/uploads\\\/2024\\\/02\\\/sports-jet-ski-racing-5sec-continuous-75x50_c.webp\",\"schedule_meta\":0,\"schedule_meta_start\":\"1707955200\",\"schedule_meta_end\":\"1707955200\",\"schedule_meta_ignore_date\":0,\"schedule_meta_ignore_year\":0,\"video_aspect_ratio\":\"\",\"video_width\":\"\",\"video_height\":\"\",\"video_in_gallery\":0,\"meta\":{\"aperture\":null,\"credit\":null,\"camera\":null,\"caption\":\"\",\"created_timestamp\":null,\"copyright\":null,\"focal_length\":null,\"iso\":null,\"shutter_speed\":null,\"title\":\"\",\"orientation\":null,\"keywords\":null,\"resized_images\":null},\"thumbnail\":\"https:\\\/\\\/amazing-sports.com\\\/wp-content\\\/uploads\\\/2024\\\/02\\\/sports-jet-ski-racing-5sec-continuous-150x150.webp\",\"medium\":\"https:\\\/\\\/amazing-sports.com\\\/wp-content\\\/uploads\\\/2024\\\/02\\\/sports-jet-ski-racing-5sec-continuous.webp\",\"medium_large\":\"https:\\\/\\\/amazing-sports.com\\\/wp-content\\\/uploads\\\/2024\\\/02\\\/sports-jet-ski-racing-5sec-continuous-768x513.webp\",\"large\":\"https:\\\/\\\/amazing-sports.com\\\/wp-content\\\/uploads\\\/2024\\\/02\\\/sports-jet-ski-racing-5sec-continuous.webp\",\"1536x1536\":\"https:\\\/\\\/amazing-sports.com\\\/wp-content\\\/uploads\\\/2024\\\/02\\\/sports-jet-ski-racing-5sec-continuous.webp\",\"2048x2048\":\"https:\\\/\\\/amazing-sports.com\\\/wp-content\\\/uploads\\\/2024\\\/02\\\/sports-jet-ski-racing-5sec-continuous.webp\",\"gamipress-points\":\"https:\\\/\\\/amazing-sports.com\\\/wp-content\\\/uploads\\\/2024\\\/02\\\/sports-jet-ski-racing-5sec-continuous.webp\",\"gamipress-achievement\":\"https:\\\/\\\/amazing-sports.com\\\/wp-content\\\/uploads\\\/2024\\\/02\\\/sports-jet-ski-racing-5sec-continuous.webp\",\"gamipress-rank\":\"https:\\\/\\\/amazing-sports.com\\\/wp-content\\\/uploads\\\/2024\\\/02\\\/sports-jet-ski-racing-5sec-continuous.webp\",\"full\":\"https:\\\/\\\/amazing-sports.com\\\/wp-content\\\/uploads\\\/2024\\\/02\\\/sports-jet-ski-racing-5sec-continuous.webp\",\"index\":1,\"id\":1476,\"video\":true,\"opts\":{\"caption\":\"\",\"thumb\":\"https:\\\/\\\/amazing-sports.com\\\/wp-content\\\/uploads\\\/2024\\\/02\\\/sports-jet-ski-racing-5sec-continuous-75x50_c.webp\",\"title\":\"Imagen din&aacute;mica\"},\"gallery_id\":\"2960\",\"tags\":{\"35\":\"water-sports\"}}]' data-lightbox-theme='{&quot;arrows&quot;:true,&quot;margins&quot;:[120,0],&quot;gutter&quot;:&quot;100&quot;,&quot;thumbs_position&quot;:&quot;bottom&quot;,&quot;base_template&quot;:&quot;&lt;div id=\\&quot;envirabox-2960\\&quot; data-envirabox-id=\\&quot;2960\\&quot; class=\\&quot;envirabox-container envirabox-theme-base_dark envirabox-wrap\\&quot; role=\\&quot;dialog\\&quot;&gt;&lt;div class=\\&quot;envirabox-bg\\&quot;&gt;&lt;\\\/div&gt;&lt;div class=\\&quot;envirabox-outer\\&quot;&gt;&lt;div class=\\&quot;envirabox-inner\\&quot;&gt;&lt;div class=\\&quot;envirabox-caption-wrap\\&quot;&gt;&lt;div class=\\&quot;envirabox-title\\&quot;&gt;&lt;\\\/div&gt;&lt;div class=\\&quot;envirabox-caption\\&quot;&gt;&lt;\\\/div&gt;&lt;\\\/div&gt;&lt;div class=\\&quot;envirabox-toolbar\\&quot;&gt;&lt;div class=\\&quot;envira-close-button\\&quot;&gt;&lt;a data-envirabox-close class=\\&quot;envirabox-item envirabox-close envirabox-button--close\\&quot; title=\\&quot;Close\\&quot; href=\\&quot;#\\&quot;&gt;&lt;\\\/a&gt;&lt;\\\/div&gt;&lt;\\\/div&gt;&lt;div class=\\&quot;envirabox-stage\\&quot;&gt;&lt;\\\/div&gt;&lt;\\\/div&gt;&lt;\\\/div&gt;&lt;\\\/div&gt;&quot;,&quot;load_all&quot;:false,&quot;error_template&quot;:&quot;&lt;div class=\\&quot;envirabox-error\\&quot;&gt;&lt;p&gt;{{ERROR}}&lt;p&gt;&lt;\\\/div&gt;&quot;,&quot;inner_caption&quot;:false,&quot;caption_position&quot;:false,&quot;arrow_position&quot;:false,&quot;toolbar&quot;:true,&quot;infobar&quot;:false,&quot;show_smallbtn&quot;:false,&quot;idle_time&quot;:false,&quot;click_content&quot;:false,&quot;click_slide&quot;:false,&quot;click_outside&quot;:false,&quot;animation_duration&quot;:false,&quot;transition_duration&quot;:false,&quot;small_btn_template&quot;:&quot;&lt;a data-envirabox-close class=\\&quot;envirabox-item envirabox-close envirabox-button--close\\&quot; title=\\&quot;Close\\&quot; href=\\&quot;#\\&quot;&gt;&lt;\\\/a&gt;&quot;}' data-parsed-attrs='{\"id\":\"2960\",\"type\":\"elementor\"}'><div id=\"envira-gallery-item-1464\" class=\"envira-gallery-item envira-gallery-item-1 envira-lazy-load enviratope-item\" style=\"padding-left: 5px; padding-bottom: 10px; padding-right: 5px;\"  itemscope itemtype=\"https:\/\/schema.org\/ImageObject\"><div class=\"envira-gallery-item-inner\"><meta itemprop=\"datePublished\" content=\"March 5, 2024 \"\/><div class=\"envira-gallery-position-overlay envira-gallery-top-left\"><\/div><div class=\"envira-gallery-position-overlay envira-gallery-top-right\"><\/div><div class=\"envira-gallery-position-overlay envira-gallery-bottom-left\"><\/div><div class=\"envira-gallery-position-overlay envira-gallery-bottom-right\"><\/div><a class=\"envira-gallery-2960 envira-gallery-link\" href=\"https:\/\/amazing-sports.com\/wp-content\/uploads\/2024\/02\/Jet-Ski-Racing-1170x781-1.jpg\" title=\"Fotograf\u00eda original\" data-caption=\"\" data-envira-item-id=\"1464\" data-envira-retina=\"https:\/\/amazing-sports.com\/wp-content\/uploads\/2024\/02\/Jet-Ski-Racing-1170x781-1.jpg\" data-thumb=\"https:\/\/amazing-sports.com\/wp-content\/uploads\/2024\/02\/Jet-Ski-Racing-1170x781-1-75x50_c.jpg\" data-title=\"Fotograf&iacute;a original\" data-envirabox='2960' itemprop=\"contentUrl\"><div class=\"envira-lazy\" style=\"padding-bottom: 75%;\" data-envira-changed=\"false\" data-width=\"640\" data-height=\"480\"><img fetchpriority=\"high\" decoding=\"async\" src=\"https:\/\/amazing-sports.com\/wp-content\/uploads\/2024\/02\/Jet-Ski-Racing-1170x781-1.jpg\" alt=\"\" class=\"envira-gallery-image envira-gallery-image-1    envira-lazy\" height=\"480\" id=\"envira-gallery-image-1464\" srcset=\"data:image\/gif;base64,R0lGODlhAQABAIAAAP\/\/\/\/\/\/\/yH5BAEKAAEALAAAAAABAAEAAAICTAEAOw==\" tabindex=\"-1\" title=\"Fotograf\u00eda original\" width=\"640\" data-caption=\"\" data-envira-gallery-id=\"2960\" data-envira-index=\"0\" data-envira-item-id=\"1464\" data-envira-src=\"https:\/\/amazing-sports.com\/wp-content\/uploads\/2024\/02\/Jet-Ski-Racing-1170x781-1.jpg\" data-envira-srcset=\"https:\/\/amazing-sports.com\/wp-content\/uploads\/2024\/02\/Jet-Ski-Racing-1170x781-1.jpg 400w, https:\/\/amazing-sports.com\/wp-content\/uploads\/2024\/02\/Jet-Ski-Racing-1170x781-1.jpg 2x\" data-title=\"Fotograf&iacute;a original\" itemprop=\"thumbnailUrl\"  draggable=\"false\" onmousedown=\"event.preventDefault()\"  data-no-lazy=\"1\"  data-envirabox=\"2960\" \/><\/div><\/a><div class=\"envira-gallery-captioned-data envira-gallery-captioned-data-showcase\"><span class='envira-title envira-gallery-captioned-text title-1464'>Fotograf\u00eda original<\/span><\/div><\/div><\/div><div id=\"envira-gallery-item-1476\" class=\"envira-gallery-item envira-gallery-item-2 envira-lazy-load enviratope-item\" style=\"padding-left: 5px; padding-bottom: 10px; padding-right: 5px;\"  itemscope itemtype=\"https:\/\/schema.org\/ImageObject\"><div class=\"envira-gallery-item-inner\"><meta itemprop=\"datePublished\" content=\"March 5, 2024 \"\/><div class=\"envira-gallery-position-overlay envira-gallery-top-left\"><\/div><div class=\"envira-gallery-position-overlay envira-gallery-top-right\"><\/div><div class=\"envira-gallery-position-overlay envira-gallery-bottom-left\"><\/div><div class=\"envira-gallery-position-overlay envira-gallery-bottom-right\"><\/div><a class=\"envira-gallery-2960 envira-gallery-link\" href=\"https:\/\/amazing-sports.com\/wp-content\/uploads\/2024\/02\/sports-jet-ski-racing-5sec-continuous.webp\" title=\"Imagen din\u00e1mica\" data-caption=\"\" data-envira-item-id=\"1476\" data-envira-retina=\"https:\/\/amazing-sports.com\/wp-content\/uploads\/2024\/02\/sports-jet-ski-racing-5sec-continuous.webp\" data-thumb=\"https:\/\/amazing-sports.com\/wp-content\/uploads\/2024\/02\/sports-jet-ski-racing-5sec-continuous-75x50_c.webp\" data-title=\"Imagen din&aacute;mica\" data-envirabox='2960' itemprop=\"contentUrl\"><div class=\"envira-lazy\" style=\"padding-bottom: 75%;\" data-envira-changed=\"false\" data-width=\"640\" data-height=\"480\"><img decoding=\"async\" src=\"https:\/\/amazing-sports.com\/wp-content\/uploads\/2024\/02\/sports-jet-ski-racing-5sec-continuous.webp\" alt=\"\" class=\"envira-gallery-image envira-gallery-image-2    envira-lazy\" height=\"480\" id=\"envira-gallery-image-1476\" srcset=\"data:image\/gif;base64,R0lGODlhAQABAIAAAP\/\/\/\/\/\/\/yH5BAEKAAEALAAAAAABAAEAAAICTAEAOw==\" tabindex=\"-1\" title=\"Imagen din\u00e1mica\" width=\"640\" data-caption=\"\" data-envira-gallery-id=\"2960\" data-envira-index=\"1\" data-envira-item-id=\"1476\" data-envira-src=\"https:\/\/amazing-sports.com\/wp-content\/uploads\/2024\/02\/sports-jet-ski-racing-5sec-continuous.webp\" data-envira-srcset=\"https:\/\/amazing-sports.com\/wp-content\/uploads\/2024\/02\/sports-jet-ski-racing-5sec-continuous.webp 400w, https:\/\/amazing-sports.com\/wp-content\/uploads\/2024\/02\/sports-jet-ski-racing-5sec-continuous.webp 2x\" data-title=\"Imagen din&aacute;mica\" itemprop=\"thumbnailUrl\"  draggable=\"false\" onmousedown=\"event.preventDefault()\"  data-no-lazy=\"1\"  data-envirabox=\"2960\" \/><\/div><\/a><div class=\"envira-gallery-captioned-data envira-gallery-captioned-data-showcase\"><span class='envira-title envira-gallery-captioned-text title-1476'>Imagen din\u00e1mica<\/span><\/div><\/div><\/div><\/div><\/div><noscript><img data-no-lazy=\"1\"  src='https:\/\/amazing-sports.com\/wp-content\/uploads\/2024\/02\/Jet-Ski-Racing-1170x781-1.jpg' alt='' class='envira_noscript_images ' \/><img data-no-lazy=\"1\"  src='https:\/\/amazing-sports.com\/wp-content\/uploads\/2024\/02\/sports-jet-ski-racing-5sec-continuous.webp' alt='' class='envira_noscript_images ' \/><\/noscript>\t\t<script type=\"text\/javascript\">\n\t\t\tjQuery('body').find('#envira-gallery-wrap-2960').trigger('envira_load');\n\t\t\tvar envira_gallery_edit_link = 'http:\/\/https%3A%2F%2Famazing-sports.com%2Fwp-admin%2Fpost.php%3Fpost%3D2960%26action%3Dedit';\n\t\t\tvar envira_gallery_layout = 'mason';\n\t\t\tvar envira_gallery_columns = '2';\n\t\t\tvar envira_gallery_margins = '10';\n\t\t\tvar envira_gallery_margin = '10';\n\t\t\tvar envira_gallery_enable_lightbox = '1';\n\t\t\tvar envira_gallery_lightbox_theme = 'base_dark';\n\t\t<\/script>\n\t\t\t\t\t\t<\/div>\n\t\t\t\t<\/div>\n\t\t\t\t\t<\/div>\n\t\t\t\t<\/div>\n\t\t\t\t<\/div>\n\t\t","protected":false},"excerpt":{"rendered":"<p>Cultura. Competici\u00f3n. Comunidad. Sobre nosotros En amazing-sports.com, nuestra misi\u00f3n es unir a las personas a trav\u00e9s de las divisiones culturales, raciales y socioecon\u00f3micas a trav\u00e9s del poder de los deportes. Nuestro sitio web no es comercial y tiene como objetivo destacar la diversa gama de deportes, tanto populares como de nicho, que tienen el poder [&hellip;]<\/p>\n","protected":false},"author":1,"featured_media":0,"parent":0,"menu_order":0,"comment_status":"closed","ping_status":"closed","template":"","meta":{"footnotes":""},"class_list":["post-2585","page","type-page","status-publish","hentry"],"_links":{"self":[{"href":"https:\/\/amazing-sports.com\/es\/wp-json\/wp\/v2\/pages\/2585","targetHints":{"allow":["GET"]}}],"collection":[{"href":"https:\/\/amazing-sports.com\/es\/wp-json\/wp\/v2\/pages"}],"about":[{"href":"https:\/\/amazing-sports.com\/es\/wp-json\/wp\/v2\/types\/page"}],"author":[{"embeddable":true,"href":"https:\/\/amazing-sports.com\/es\/wp-json\/wp\/v2\/users\/1"}],"replies":[{"embeddable":true,"href":"https:\/\/amazing-sports.com\/es\/wp-json\/wp\/v2\/comments?post=2585"}],"version-history":[{"count":12,"href":"https:\/\/amazing-sports.com\/es\/wp-json\/wp\/v2\/pages\/2585\/revisions"}],"predecessor-version":[{"id":3500,"href":"https:\/\/amazing-sports.com\/es\/wp-json\/wp\/v2\/pages\/2585\/revisions\/3500"}],"wp:attachment":[{"href":"https:\/\/amazing-sports.com\/es\/wp-json\/wp\/v2\/media?parent=2585"}],"curies":[{"name":"wp","href":"https:\/\/api.w.org\/{rel}","templated":true}]}}